{"id":136,"date":"2026-01-23T02:17:01","date_gmt":"2026-01-23T02:17:01","guid":{"rendered":"https:\/\/kcpecinci.rs\/virtuelni-muzej\/?page_id=136"},"modified":"2026-02-27T14:00:00","modified_gmt":"2026-02-27T14:00:00","slug":"o-projektu","status":"publish","type":"page","link":"https:\/\/kcpecinci.rs\/virtuelni-muzej\/o-projektu\/","title":{"rendered":"O projektu"},"content":{"rendered":"\n<p class=\"is-style-default\">Projekat Kulturnog centra \u201ePe\u0107inci\u201c u saradnji sa Zavodom za za\u0161titu spomenika kulture u Sremskoj Mitrovici omogu\u0107ava digitalno o\u010duvanje i promociju kulturnog nasle\u0111a op\u0161tine Pe\u0107inci.<\/p>\n\n\n\n<figure class=\"wp-block-embed is-type-video is-provider-youtube wp-block-embed-youtube wp-embed-aspect-16-9 wp-has-aspect-ratio\"><div class=\"wp-block-embed__wrapper\">\n<iframe loading=\"lazy\" title=\"(VIDEO): Virtuelni muzej nepokretnog kulturnog nasle\u0111a u Donjem Sremu po\u010deo sa radom\" width=\"500\" height=\"281\" src=\"https:\/\/www.youtube.com\/embed\/8lGxDEeo33g?feature=oembed\" frameborder=\"0\" allow=\"accelerometer; autoplay; clipboard-write; encrypted-media; gyroscope; picture-in-picture; web-share\" referrerpolicy=\"strict-origin-when-cross-origin\" allowfullscreen><\/iframe>\n<\/div><\/figure>\n\n\n\n<p class=\"is-style-default\">Interaktivne platforme pru\u017eaju uvid u istoriju i arhitekturu 34 nepokretna kulturna dobra, obuhvataju\u0107i 15 naselja: A\u0161anja, Bresta\u010d, De\u010d, Donji Tovarnik, Karlov\u010di\u0107, Kupinovo, Obre\u017e, Ogar, Pe\u0107inci, Popinci, Prhovo, Siba\u010d, Sremski Mihaljevci, Suboti\u0161te i \u0160imanovci.<\/p>\n\n\n\n<p class=\"has-large-font-size\">Ciljevi projekta<\/p>\n\n\n\n<ol class=\"wp-block-list\">\n<li>O\u010duvanje kulturnog nasle\u0111a\n<ul class=\"wp-block-list\">\n<li class=\"has-medium-font-size\">Digitalizacija i kreiranje virtuelnih modela objekata omogu\u0107ava trajno o\u010duvanje i istra\u017eivanje \u010dak i ako originalni objekti budu o\u0161te\u0107eni.<\/li>\n<\/ul>\n<\/li>\n\n\n\n<li>Edukacija i podizanje svesti\n<ul class=\"wp-block-list\">\n<li class=\"has-medium-font-size\">Interaktivni sadr\u017eaji, radionice i vebinari podsti\u010du u\u010denje dece, mladih i odraslih o zna\u010daju kulturnih dobara.<\/li>\n<\/ul>\n<\/li>\n<\/ol>\n\n\n\n<ol start=\"3\" class=\"wp-block-list\">\n<li>Dostupnost i globalni pristup\n<ul class=\"wp-block-list\">\n<li class=\"has-medium-font-size\">Kulturna dobra Donjeg Srema mogu se istra\u017eivati \u0161irom sveta bez fizi\u010dkog prisustva.<\/li>\n<\/ul>\n<\/li>\n<\/ol>\n\n\n\n<ol start=\"4\" class=\"wp-block-list\">\n<li>Promocija kulturnog turizma\n<ul class=\"wp-block-list\">\n<li class=\"has-medium-font-size\">Virtuelne ture i digitalni sadr\u017eaji privla\u010de turiste i promovi\u0161u lokalne znamenitosti.<\/li>\n<\/ul>\n<\/li>\n<\/ol>\n\n\n\n<ol start=\"5\" class=\"wp-block-list\">\n<li>Inovacija i tehnologija\n<ul class=\"wp-block-list\">\n<li class=\"has-medium-font-size\">Upotreba VR i AR tehnologija za interaktivno i edukativno iskustvo kulturnog nasle\u0111a.<\/li>\n<\/ul>\n<\/li>\n<\/ol>\n\n\n\n<ol start=\"6\" class=\"wp-block-list\">\n<li>Ja\u010danje zajedni\u010dkog identiteta i odr\u017eivi razvoj\n<ul class=\"wp-block-list\">\n<li class=\"has-medium-font-size\">Podsticanje ponosa lokalne zajednice i integracija kulturnih vrednosti u turizam i ekonomski razvoj.<\/li>\n<\/ul>\n<\/li>\n<\/ol>\n","protected":false},"excerpt":{"rendered":"<p>Projekat Kulturnog centra \u201ePe\u0107inci\u201c u saradnji sa Zavodom za za\u0161titu spomenika kulture u Sremskoj Mitrovici omogu\u0107ava digitalno o\u010duvanje i promociju kulturnog nasle\u0111a op\u0161tine Pe\u0107inci. Interaktivne platforme pru\u017eaju uvid u istoriju i arhitekturu 34 nepokretna kulturna dobra, obuhvataju\u0107i 15 naselja: A\u0161anja, Bresta\u010d, De\u010d, Donji Tovarnik, Karlov\u010di\u0107, Kupinovo, Obre\u017e, Ogar, Pe\u0107inci, Popinci, Prhovo, Siba\u010d, Sremski Mihaljevci, Suboti\u0161te [&hellip;]<\/p>\n","protected":false},"author":1,"featured_media":1535,"parent":0,"menu_order":0,"comment_status":"closed","ping_status":"closed","template":"muzej-strana","meta":{"_acf_changed":false,"footnotes":""},"class_list":["post-136","page","type-page","status-publish","has-post-thumbnail","hentry"],"acf":[],"mb":[],"yoast_head":"<!-- This site is optimized with the Yoast SEO plugin v26.8 - https:\/\/yoast.com\/product\/yoast-seo-wordpress\/ -->\n<title>O projektu - Kulturni centar Pe\u0107inci - Virtuelni muzej nepokretnog kulturnog nasle\u0111a u Donjem Sremu<\/title>\n<meta name=\"description\" content=\"Projekat omogu\u0107ava digitalno o\u010duvanje i promociju kulturnog nasle\u0111a, nude\u0107i sadr\u017eaj koji prikazuje 34 zna\u010dajna kulturna dobra Donjeg Srema\" \/>\n<meta name=\"robots\" content=\"index, follow, max-snippet:-1, max-image-preview:large, max-video-preview:-1\" \/>\n<link rel=\"canonical\" href=\"https:\/\/kcpecinci.rs\/virtuelni-muzej\/o-projektu\/\" \/>\n<meta property=\"og:locale\" content=\"sr_RS\" \/>\n<meta property=\"og:type\" content=\"article\" \/>\n<meta property=\"og:title\" content=\"O projektu - Kulturni centar Pe\u0107inci - Virtuelni muzej nepokretnog kulturnog nasle\u0111a u Donjem Sremu\" \/>\n<meta property=\"og:description\" content=\"Projekat omogu\u0107ava digitalno o\u010duvanje i promociju kulturnog nasle\u0111a, nude\u0107i sadr\u017eaj koji prikazuje 34 zna\u010dajna kulturna dobra Donjeg Srema\" \/>\n<meta property=\"og:url\" content=\"https:\/\/kcpecinci.rs\/virtuelni-muzej\/o-projektu\/\" \/>\n<meta property=\"og:site_name\" content=\"Virtuelni muzej nepokretnog kulturnog nasle\u0111a u Donjem Sremu\" \/>\n<meta property=\"article:modified_time\" content=\"2026-02-27T14:00:00+00:00\" \/>\n<meta property=\"og:image\" content=\"https:\/\/kcpecinci.rs\/virtuelni-muzej\/wp-content\/uploads\/sites\/2\/2026\/02\/logo-nobg.png\" \/>\n\t<meta property=\"og:image:width\" content=\"542\" \/>\n\t<meta property=\"og:image:height\" content=\"443\" \/>\n\t<meta property=\"og:image:type\" content=\"image\/png\" \/>\n<meta name=\"twitter:card\" content=\"summary_large_image\" \/>\n<meta name=\"twitter:label1\" content=\"Procenjeno vreme \u010ditanja\" \/>\n\t<meta name=\"twitter:data1\" content=\"2 minuta\" \/>\n<script type=\"application\/ld+json\" class=\"yoast-schema-graph\">{\"@context\":\"https:\/\/schema.org\",\"@graph\":[{\"@type\":\"WebPage\",\"@id\":\"https:\/\/kcpecinci.rs\/virtuelni-muzej\/o-projektu\/\",\"url\":\"https:\/\/kcpecinci.rs\/virtuelni-muzej\/o-projektu\/\",\"name\":\"O projektu - Kulturni centar Pe\u0107inci - Virtuelni muzej nepokretnog kulturnog nasle\u0111a u Donjem Sremu\",\"isPartOf\":{\"@id\":\"https:\/\/kcpecinci.rs\/virtuelni-muzej\/#website\"},\"primaryImageOfPage\":{\"@id\":\"https:\/\/kcpecinci.rs\/virtuelni-muzej\/o-projektu\/#primaryimage\"},\"image\":{\"@id\":\"https:\/\/kcpecinci.rs\/virtuelni-muzej\/o-projektu\/#primaryimage\"},\"thumbnailUrl\":\"https:\/\/kcpecinci.rs\/virtuelni-muzej\/wp-content\/uploads\/sites\/2\/2026\/02\/logo-nobg.png\",\"datePublished\":\"2026-01-23T02:17:01+00:00\",\"dateModified\":\"2026-02-27T14:00:00+00:00\",\"description\":\"Projekat omogu\u0107ava digitalno o\u010duvanje i promociju kulturnog nasle\u0111a, nude\u0107i sadr\u017eaj koji prikazuje 34 zna\u010dajna kulturna dobra Donjeg Srema\",\"breadcrumb\":{\"@id\":\"https:\/\/kcpecinci.rs\/virtuelni-muzej\/o-projektu\/#breadcrumb\"},\"inLanguage\":\"sr-RS\",\"potentialAction\":[{\"@type\":\"ReadAction\",\"target\":[\"https:\/\/kcpecinci.rs\/virtuelni-muzej\/o-projektu\/\"]}]},{\"@type\":\"ImageObject\",\"inLanguage\":\"sr-RS\",\"@id\":\"https:\/\/kcpecinci.rs\/virtuelni-muzej\/o-projektu\/#primaryimage\",\"url\":\"https:\/\/kcpecinci.rs\/virtuelni-muzej\/wp-content\/uploads\/sites\/2\/2026\/02\/logo-nobg.png\",\"contentUrl\":\"https:\/\/kcpecinci.rs\/virtuelni-muzej\/wp-content\/uploads\/sites\/2\/2026\/02\/logo-nobg.png\",\"width\":542,\"height\":443,\"caption\":\"Virtuelni muzej nepokretnog kulturnog nasle\u0111a u Donjem Sremu\"},{\"@type\":\"BreadcrumbList\",\"@id\":\"https:\/\/kcpecinci.rs\/virtuelni-muzej\/o-projektu\/#breadcrumb\",\"itemListElement\":[{\"@type\":\"ListItem\",\"position\":1,\"name\":\"\u041f\u043e\u0447\u0435\u0442\u043d\u0430\",\"item\":\"https:\/\/kcpecinci.rs\/virtuelni-muzej\/\"},{\"@type\":\"ListItem\",\"position\":2,\"name\":\"O projektu\"}]},{\"@type\":\"WebSite\",\"@id\":\"https:\/\/kcpecinci.rs\/virtuelni-muzej\/#website\",\"url\":\"https:\/\/kcpecinci.rs\/virtuelni-muzej\/\",\"name\":\"Virtuelni muzej nepokretnog kulturnog nasle\u0111a u Donjem Sremu\",\"description\":\"Pri\u010de i spomenici Donjeg Srema\",\"publisher\":{\"@id\":\"https:\/\/kcpecinci.rs\/virtuelni-muzej\/#organization\"},\"potentialAction\":[{\"@type\":\"SearchAction\",\"target\":{\"@type\":\"EntryPoint\",\"urlTemplate\":\"https:\/\/kcpecinci.rs\/virtuelni-muzej\/?s={search_term_string}\"},\"query-input\":{\"@type\":\"PropertyValueSpecification\",\"valueRequired\":true,\"valueName\":\"search_term_string\"}}],\"inLanguage\":\"sr-RS\"},{\"@type\":\"Organization\",\"@id\":\"https:\/\/kcpecinci.rs\/virtuelni-muzej\/#organization\",\"name\":\"Virtuelni muzej nepokretnog kulturnog nasle\u0111a u Donjem Sremu\",\"url\":\"https:\/\/kcpecinci.rs\/virtuelni-muzej\/\",\"logo\":{\"@type\":\"ImageObject\",\"inLanguage\":\"sr-RS\",\"@id\":\"https:\/\/kcpecinci.rs\/virtuelni-muzej\/#\/schema\/logo\/image\/\",\"url\":\"https:\/\/kcpecinci.rs\/virtuelni-muzej\/wp-content\/uploads\/sites\/2\/2026\/02\/logo-nobg.png\",\"contentUrl\":\"https:\/\/kcpecinci.rs\/virtuelni-muzej\/wp-content\/uploads\/sites\/2\/2026\/02\/logo-nobg.png\",\"width\":542,\"height\":443,\"caption\":\"Virtuelni muzej nepokretnog kulturnog nasle\u0111a u Donjem Sremu\"},\"image\":{\"@id\":\"https:\/\/kcpecinci.rs\/virtuelni-muzej\/#\/schema\/logo\/image\/\"}}]}<\/script>\n<!-- \/ Yoast SEO plugin. -->","yoast_head_json":{"title":"O projektu - Kulturni centar Pe\u0107inci - Virtuelni muzej nepokretnog kulturnog nasle\u0111a u Donjem Sremu","description":"Projekat omogu\u0107ava digitalno o\u010duvanje i promociju kulturnog nasle\u0111a, nude\u0107i sadr\u017eaj koji prikazuje 34 zna\u010dajna kulturna dobra Donjeg Srema","robots":{"index":"index","follow":"follow","max-snippet":"max-snippet:-1","max-image-preview":"max-image-preview:large","max-video-preview":"max-video-preview:-1"},"canonical":"https:\/\/kcpecinci.rs\/virtuelni-muzej\/o-projektu\/","og_locale":"sr_RS","og_type":"article","og_title":"O projektu - Kulturni centar Pe\u0107inci - Virtuelni muzej nepokretnog kulturnog nasle\u0111a u Donjem Sremu","og_description":"Projekat omogu\u0107ava digitalno o\u010duvanje i promociju kulturnog nasle\u0111a, nude\u0107i sadr\u017eaj koji prikazuje 34 zna\u010dajna kulturna dobra Donjeg Srema","og_url":"https:\/\/kcpecinci.rs\/virtuelni-muzej\/o-projektu\/","og_site_name":"Virtuelni muzej nepokretnog kulturnog nasle\u0111a u Donjem Sremu","article_modified_time":"2026-02-27T14:00:00+00:00","og_image":[{"width":542,"height":443,"url":"https:\/\/kcpecinci.rs\/virtuelni-muzej\/wp-content\/uploads\/sites\/2\/2026\/02\/logo-nobg.png","type":"image\/png"}],"twitter_card":"summary_large_image","twitter_misc":{"\u041f\u0440\u043e\u0446\u0435\u045a\u0435\u043d\u043e \u0432\u0440\u0435\u043c\u0435 \u0447\u0438\u0442\u0430\u045a\u0430":"2 minuta"},"schema":{"@context":"https:\/\/schema.org","@graph":[{"@type":"WebPage","@id":"https:\/\/kcpecinci.rs\/virtuelni-muzej\/o-projektu\/","url":"https:\/\/kcpecinci.rs\/virtuelni-muzej\/o-projektu\/","name":"O projektu - Kulturni centar Pe\u0107inci - Virtuelni muzej nepokretnog kulturnog nasle\u0111a u Donjem Sremu","isPartOf":{"@id":"https:\/\/kcpecinci.rs\/virtuelni-muzej\/#website"},"primaryImageOfPage":{"@id":"https:\/\/kcpecinci.rs\/virtuelni-muzej\/o-projektu\/#primaryimage"},"image":{"@id":"https:\/\/kcpecinci.rs\/virtuelni-muzej\/o-projektu\/#primaryimage"},"thumbnailUrl":"https:\/\/kcpecinci.rs\/virtuelni-muzej\/wp-content\/uploads\/sites\/2\/2026\/02\/logo-nobg.png","datePublished":"2026-01-23T02:17:01+00:00","dateModified":"2026-02-27T14:00:00+00:00","description":"Projekat omogu\u0107ava digitalno o\u010duvanje i promociju kulturnog nasle\u0111a, nude\u0107i sadr\u017eaj koji prikazuje 34 zna\u010dajna kulturna dobra Donjeg Srema","breadcrumb":{"@id":"https:\/\/kcpecinci.rs\/virtuelni-muzej\/o-projektu\/#breadcrumb"},"inLanguage":"sr-RS","potentialAction":[{"@type":"ReadAction","target":["https:\/\/kcpecinci.rs\/virtuelni-muzej\/o-projektu\/"]}]},{"@type":"ImageObject","inLanguage":"sr-RS","@id":"https:\/\/kcpecinci.rs\/virtuelni-muzej\/o-projektu\/#primaryimage","url":"https:\/\/kcpecinci.rs\/virtuelni-muzej\/wp-content\/uploads\/sites\/2\/2026\/02\/logo-nobg.png","contentUrl":"https:\/\/kcpecinci.rs\/virtuelni-muzej\/wp-content\/uploads\/sites\/2\/2026\/02\/logo-nobg.png","width":542,"height":443,"caption":"Virtuelni muzej nepokretnog kulturnog nasle\u0111a u Donjem Sremu"},{"@type":"BreadcrumbList","@id":"https:\/\/kcpecinci.rs\/virtuelni-muzej\/o-projektu\/#breadcrumb","itemListElement":[{"@type":"ListItem","position":1,"name":"Po\u010detna","item":"https:\/\/kcpecinci.rs\/virtuelni-muzej\/"},{"@type":"ListItem","position":2,"name":"O projektu"}]},{"@type":"WebSite","@id":"https:\/\/kcpecinci.rs\/virtuelni-muzej\/#website","url":"https:\/\/kcpecinci.rs\/virtuelni-muzej\/","name":"Virtuelni muzej nepokretnog kulturnog nasle\u0111a u Donjem Sremu","description":"Pri\u010de i spomenici Donjeg Srema","publisher":{"@id":"https:\/\/kcpecinci.rs\/virtuelni-muzej\/#organization"},"potentialAction":[{"@type":"SearchAction","target":{"@type":"EntryPoint","urlTemplate":"https:\/\/kcpecinci.rs\/virtuelni-muzej\/?s={search_term_string}"},"query-input":{"@type":"PropertyValueSpecification","valueRequired":true,"valueName":"search_term_string"}}],"inLanguage":"sr-RS"},{"@type":"Organization","@id":"https:\/\/kcpecinci.rs\/virtuelni-muzej\/#organization","name":"Virtuelni muzej nepokretnog kulturnog nasle\u0111a u Donjem Sremu","url":"https:\/\/kcpecinci.rs\/virtuelni-muzej\/","logo":{"@type":"ImageObject","inLanguage":"sr-RS","@id":"https:\/\/kcpecinci.rs\/virtuelni-muzej\/#\/schema\/logo\/image\/","url":"https:\/\/kcpecinci.rs\/virtuelni-muzej\/wp-content\/uploads\/sites\/2\/2026\/02\/logo-nobg.png","contentUrl":"https:\/\/kcpecinci.rs\/virtuelni-muzej\/wp-content\/uploads\/sites\/2\/2026\/02\/logo-nobg.png","width":542,"height":443,"caption":"Virtuelni muzej nepokretnog kulturnog nasle\u0111a u Donjem Sremu"},"image":{"@id":"https:\/\/kcpecinci.rs\/virtuelni-muzej\/#\/schema\/logo\/image\/"}}]}},"mfb_rest_fields":["title","yoast_head","yoast_head_json"],"_links":{"self":[{"href":"https:\/\/kcpecinci.rs\/virtuelni-muzej\/wp-json\/wp\/v2\/pages\/136","targetHints":{"allow":["GET"]}}],"collection":[{"href":"https:\/\/kcpecinci.rs\/virtuelni-muzej\/wp-json\/wp\/v2\/pages"}],"about":[{"href":"https:\/\/kcpecinci.rs\/virtuelni-muzej\/wp-json\/wp\/v2\/types\/page"}],"author":[{"embeddable":true,"href":"https:\/\/kcpecinci.rs\/virtuelni-muzej\/wp-json\/wp\/v2\/users\/1"}],"replies":[{"embeddable":true,"href":"https:\/\/kcpecinci.rs\/virtuelni-muzej\/wp-json\/wp\/v2\/comments?post=136"}],"version-history":[{"count":3,"href":"https:\/\/kcpecinci.rs\/virtuelni-muzej\/wp-json\/wp\/v2\/pages\/136\/revisions"}],"predecessor-version":[{"id":1867,"href":"https:\/\/kcpecinci.rs\/virtuelni-muzej\/wp-json\/wp\/v2\/pages\/136\/revisions\/1867"}],"wp:featuredmedia":[{"embeddable":true,"href":"https:\/\/kcpecinci.rs\/virtuelni-muzej\/wp-json\/wp\/v2\/media\/1535"}],"wp:attachment":[{"href":"https:\/\/kcpecinci.rs\/virtuelni-muzej\/wp-json\/wp\/v2\/media?parent=136"}],"curies":[{"name":"wp","href":"https:\/\/api.w.org\/{rel}","templated":true}]}}